
{"id":636,"date":"2016-11-16T11:00:54","date_gmt":"2016-11-16T16:00:54","guid":{"rendered":"http:\/\/132.236.156.160\/cuccap\/?page_id=636"},"modified":"2024-01-17T15:41:28","modified_gmt":"2024-01-17T20:41:28","slug":"espanol","status":"publish","type":"page","link":"http:\/\/132.236.156.160\/cuccap\/espanol\/","title":{"rendered":"Bienvenido"},"content":{"rendered":"<p><span style=\"font-weight: 400\">La comunidad <\/span><span style=\"font-weight: 400\">de cient\u00edficos trabajando en <\/span><span style=\"font-weight: 400\">cucurbit\u00e1ceas ha iniciado un proyecto de gen\u00f3mica financiado por el Departamento de Agricultura de \u00a0Estados Unidos: este proyecto se conoce como CucCAP. Aprovechando la gen\u00f3mica aplicada para aumentar la resistencia a la enfermedad en cultivos de cucurbit\u00e1ceas. Los objetivos principales del CucCAP son: desarrollar kits gen\u00f3micos y bioinform\u00e1ticos para mejorar los cultivos de la familia de las cucurbit\u00e1ceas; utilizar estas herramientas para facilitar la introgresi\u00f3n de genes resistentes \u00a0a \u00a0enfermedades en cultivos de valor comercial; realizar an\u00e1lisis econ\u00f3micos y proporcionar informaci\u00f3n de f\u00e1cil acceso para facilitar el control de las enfermedadades. El CucCAP desarrollar\u00e1 bases de datos gen\u00f3micas y fenot\u00edpicas y herramientas bioinform\u00e1ticas para pepino, mel\u00f3n, calabaza y sand\u00eda.<\/span><\/p>\n<p><span style=\"font-weight: 400\">El sitio web de CucCAP proporcionar\u00e1 informaci\u00f3n sobre diagn\u00f3sticos y enlaces a cl\u00ednicas de enfermedades; recomendaciones de control de enfermedades; alertas de enfermedades y enlaces a herramientas de pron\u00f3stico en ingl\u00e9s y espa\u00f1ol.<\/span><\/p>\n<h2>Hoja Informativa de Pat\u00f3genos de Vegetales<\/h2>\n<ul>\n<li><a href=\"https:\/\/content.ces.ncsu.edu\/cucurbit-downy-mildew\/anublo-lanoso-en-cucurbitaceas\" target=\"_blank\" rel=\"noopener noreferrer\">A\u00f1ublo Lanoso en Cucurbit\u00e1ceas<\/a><\/li>\n<li><a href=\"https:\/\/content.ces.ncsu.edu\/anublo-polvoriento-en-cucurbitaceas\" target=\"_blank\" rel=\"noopener noreferrer\">A\u00f1ublo Polvoriento en Cucurbit\u00e1ceas<\/a><\/li>\n<li><a href=\"http:\/\/132.236.156.160\/cuccap\/wp-content\/uploads\/sites\/6\/2018\/02\/Virus-fact-sheet-in-Spanish.pdf\" target=\"_blank\" rel=\"noopener\">Dos Virus Importantes en la Calabaza: Mosaico Amarillo del Calabac\u00edn (ZYMV) y Mancha Anular de la Papaya (PRSV)<\/a><\/li>\n<li><a href=\"http:\/\/132.236.156.160\/cuccap\/espanol\/infeccion-de-phytophthora\/\" target=\"_blank\" rel=\"noopener\">Infecci\u00f3n de <em>Phytophthora<\/em><\/a><\/li>\n<li><a href=\"https:\/\/content.ces.ncsu.edu\/la-antracnosis-de-las-cucurbitaceas\" target=\"_blank\" rel=\"noopener noreferrer\">La Antracnosis de las Cucurbit\u00e1ceas<\/a><\/li>\n<li><a href=\"https:\/\/content.ces.ncsu.edu\/marchitez-de-fusarium-en-sandia\" target=\"_blank\" rel=\"noopener noreferrer\">Marchitez de <em>Fusarium<\/em> en Sandia<\/a><\/li>\n<li><a href=\"http:\/\/132.236.156.160\/cuccap\/espanol\/manejo-de-phytophthora-en-calabaza-de-invierno-y-en-calabaza\/\" target=\"_blank\" rel=\"noopener\">Manejo de <em>Phytophthora<\/em> en Calabaza de Invierno y en Calabaza<\/a><\/li>\n<li><a href=\"http:\/\/132.236.156.160\/cuccap\/espanol\/manejo-de-phytophthora-en-calabaza-de-verano-y-calabacin\/\" target=\"_blank\" rel=\"noopener\">Manejo de <em>Phytophthora<\/em> en Calabaza de Verano y Calabac\u00edn<\/a><\/li>\n<li><a href=\"http:\/\/132.236.156.160\/cuccap\/espanol\/manejo-de-phytophthora-en-cantalupe-melon-y-sandia\/\" target=\"_blank\" rel=\"noopener\">Manejo de <em>Phytophthora<\/em> en Cantalupe, Mel\u00f3n y Sandia<\/a><\/li>\n<li><a href=\"http:\/\/132.236.156.160\/cuccap\/espanol\/manejo-del-anublo-lanoso-de-la-cucurbitaceas-para-los-agricultores\/\" target=\"_blank\" rel=\"noopener\">Manejo del A\u00f1ublo Lanoso de las Cucurbit\u00e1ceas para los Agricultores<\/a><\/li>\n<li><a href=\"http:\/\/132.236.156.160\/cuccap\/espanol\/manejo-de-phytophthora-en-pepino\/\" target=\"_blank\" rel=\"noopener\">Manejo de <em>Phytophthora<\/em> en Pepino<\/a><\/li>\n<li><a href=\"http:\/\/132.236.156.160\/cuccap\/espanol\/monitoreo-y-manejo-del-anublo-lanoso-de-las-cucurbitaceas\/\" target=\"_blank\" rel=\"noopener\">Monitoreo y Manejo del A\u00f1ublo Lanoso de las Cucurbit\u00e1ceas<\/a><\/li>\n<li><a class=\"tdn factsheet-link\" href=\"https:\/\/content.ces.ncsu.edu\/pudricion-gomosa-del-tallo-en-cucurbitaceas\" target=\"_blank\" rel=\"noopener\">Pudrici\u00f3n Gomosa del Tallo en Cucurbit\u00e1ceas<\/a><\/li>\n<li>Vectores de virus:<br \/>\n<a href=\"https:\/\/ecucurbitviruses.org\/wp-content\/uploads\/2023\/06\/EVCWG-Postcard-Aphids-Spanish.pdf\" target=\"_blank\" rel=\"noopener\">Pulg\u00f3nes (\u00c1fidos)<\/a><br \/>\n<a href=\"https:\/\/ecucurbitviruses.org\/wp-content\/uploads\/2023\/05\/EVCWG-Postcard-Cucumber-Beetles-Spanish.pdf\" target=\"_blank\" rel=\"noopener\">Escarabajos del Pepino<\/a><br \/>\n<a href=\"https:\/\/ecucurbitviruses.org\/wp-content\/uploads\/2023\/06\/EVCWG-Postcard-Sweetpotato-Whitefly-Spanish.pdf\" target=\"_blank\" rel=\"noopener\">Mosca Blanca del Camote<\/a><\/li>\n<li><a href=\"https:\/\/ecucurbitviruses.org\/wp-content\/uploads\/2023\/06\/EVCWG-Postcard-CABYV-Spanish.pdf\" target=\"_blank\" rel=\"noopener\">Virus del Amarilleo de las Cucurbit\u00e1ceas Transmitido por Pulg\u00f3n (CABYV)<\/a><\/li>\n<li><a href=\"https:\/\/ecucurbitviruses.org\/wp-content\/uploads\/2023\/05\/EVCWG-Postcard-CCYV-Spanish.pdf\" target=\"_blank\" rel=\"noopener\">Virus del Amarilleo Clor\u00f3tico de las Cucurbit\u00e1ceas (CCYV)<br \/>\n<\/a><\/li>\n<li><a href=\"https:\/\/ecucurbitviruses.org\/wp-content\/uploads\/2023\/05\/EVCWG-Postcard-CuLCrV-Spanish.pdf\" target=\"_blank\" rel=\"noopener\">Virus del Arrugado de la Hoja de las Cucurbit\u00e1ceas (CuLCrV)<\/a><\/li>\n<li><a href=\"https:\/\/ecucurbitviruses.org\/wp-content\/uploads\/2023\/05\/EVCWG-Postcard-CGMMV-Spanish.pdf\" target=\"_blank\" rel=\"noopener\">Virus del Mosaico Verde Jaspeado del Pepino (CGMMV)<\/a><\/li>\n<li><a href=\"https:\/\/ecucurbitviruses.org\/wp-content\/uploads\/2023\/06\/EVCWG-Postcard-CYSDV-Spanish.pdf\" target=\"_blank\" rel=\"noopener\">Virus del Enanismo Amarillo de las Cucurbit\u00e1ceas (CYSDV)<\/a><\/li>\n<li><a href=\"https:\/\/ecucurbitviruses.org\/wp-content\/uploads\/2023\/06\/EVCWG-Postcard-SqVYV-Spanish.pdf\" target=\"_blank\" rel=\"noopener\">Virus de las Venas Amarillas de la Calabaza (SqVYV)<\/a><\/li>\n<\/ul>\n","protected":false},"excerpt":{"rendered":"<p>La comunidad de cient\u00edficos trabajando en cucurbit\u00e1ceas ha iniciado un proyecto de gen\u00f3mica financiado por el Departamento de Agricultura de \u00a0Estados Unidos: este proyecto se conoce como CucCAP. Aprovechando la gen\u00f3mica aplicada para aumentar la resistencia a la enfermedad en cultivos de cucurbit\u00e1ceas. Los objetivos principales del CucCAP son: desarrollar kits gen\u00f3micos y bioinform\u00e1ticos para [&hellip;]<\/p>\n","protected":false},"author":8,"featured_media":0,"parent":0,"menu_order":8,"comment_status":"closed","ping_status":"closed","template":"page-fullwidth.php","meta":{"footnotes":""},"tags":[497],"_links":{"self":[{"href":"http:\/\/132.236.156.160\/cuccap\/wp-json\/wp\/v2\/pages\/636"}],"collection":[{"href":"http:\/\/132.236.156.160\/cuccap\/wp-json\/wp\/v2\/pages"}],"about":[{"href":"http:\/\/132.236.156.160\/cuccap\/wp-json\/wp\/v2\/types\/page"}],"author":[{"embeddable":true,"href":"http:\/\/132.236.156.160\/cuccap\/wp-json\/wp\/v2\/users\/8"}],"replies":[{"embeddable":true,"href":"http:\/\/132.236.156.160\/cuccap\/wp-json\/wp\/v2\/comments?post=636"}],"version-history":[{"count":36,"href":"http:\/\/132.236.156.160\/cuccap\/wp-json\/wp\/v2\/pages\/636\/revisions"}],"predecessor-version":[{"id":14671,"href":"http:\/\/132.236.156.160\/cuccap\/wp-json\/wp\/v2\/pages\/636\/revisions\/14671"}],"wp:attachment":[{"href":"http:\/\/132.236.156.160\/cuccap\/wp-json\/wp\/v2\/media?parent=636"}],"wp:term":[{"taxonomy":"post_tag","embeddable":true,"href":"http:\/\/132.236.156.160\/cuccap\/wp-json\/wp\/v2\/tags?post=636"}],"curies":[{"name":"wp","href":"https:\/\/api.w.org\/{rel}","templated":true}]}}