
{"id":4937,"date":"2017-10-31T03:21:31","date_gmt":"2017-10-31T07:21:31","guid":{"rendered":"http:\/\/132.236.156.160\/cuccap\/?page_id=4937"},"modified":"2024-04-02T15:11:59","modified_gmt":"2024-04-02T19:11:59","slug":"site-map","status":"publish","type":"page","link":"http:\/\/132.236.156.160\/cuccap\/resources\/site-map\/","title":{"rendered":"CucCAP Site map"},"content":{"rendered":"<h2>The CucCAP Project Website<\/h2>\n<p><a href=\"http:\/\/132.236.156.160\/cuccap\/\">Home<\/a><\/p>\n<p><a href=\"http:\/\/132.236.156.160\/cuccap\/espanol\/\">Espa\u00f1ol<\/a><\/p>\n<ul>\n<li><a href=\"http:\/\/132.236.156.160\/cuccap\/espanol\/infeccion-de-phytophthora\/\">Infecci\u00f3n de Phytophthora<\/a><\/li>\n<li><a href=\"http:\/\/132.236.156.160\/cuccap\/espanol\/monitoreo-y-manejo-del-anublo-lanoso-de-las-cucurbitaceas\/\">Monitoreo y manejo del a\u00f1ublo lanoso de las cucurbit\u00e1ceas<\/a><\/li>\n<li><a href=\"http:\/\/132.236.156.160\/cuccap\/espanol\/manejo-del-anublo-lanoso-de-la-cucurbitaceas-para-los-agricultores\/\">Manejo del a\u00f1ublo lanoso de la cucurbit\u00e1ceas para los agricultores<\/a><\/li>\n<li><a href=\"http:\/\/132.236.156.160\/cuccap\/espanol\/manejo-de-phytophthora-en-cantalupe-melon-y-sandia\/\">Manejo de Phytophthora en cantalupe, mel\u00f3n y sandia<\/a><\/li>\n<li><a href=\"http:\/\/132.236.156.160\/cuccap\/espanol\/manejo-de-phytophthora-en-pepino\/\">Manejo de Phytophthora en Pepino<\/a><\/li>\n<li><a href=\"http:\/\/132.236.156.160\/cuccap\/espanol\/manejo-de-phytophthora-en-calabaza-de-verano-y-calabacin\/\">Manejo de Phytophthora en Calabaza de Verano y Calabac\u00edn<\/a><\/li>\n<li><a href=\"http:\/\/132.236.156.160\/cuccap\/espanol\/manejo-de-phytophthora-en-calabaza-de-invierno-y-en-calabaza\/\">Manejo de Phytophthora en calabaza de invierno y en calabaza<\/a><\/li>\n<\/ul>\n<p><a href=\"http:\/\/132.236.156.160\/cuccap\/about\/\">About Us<\/a><\/p>\n<ul>\n<li><a href=\"http:\/\/132.236.156.160\/cuccap\/about\/overview\/\">Project overview<\/a><\/li>\n<li><a href=\"http:\/\/132.236.156.160\/cuccap\/about\/people\/\">Meet the Team<\/a><\/li>\n<li><a href=\"http:\/\/132.236.156.160\/cuccap\/about\/partners\/\">Project Partners<\/a><\/li>\n<li><a href=\"http:\/\/132.236.156.160\/cuccap\/about\/commodity-groups\/\">Cucurbit Commodity Groups<\/a><\/li>\n<\/ul>\n<p><a href=\"http:\/\/132.236.156.160\/cuccap\/cucurbit-crops\/\">CucCap Crops<\/a><\/p>\n<ul>\n<li><a href=\"http:\/\/132.236.156.160\/cuccap\/cucurbit-crops\/cucumber\/\">Cucumber<\/a><\/li>\n<li><a href=\"http:\/\/132.236.156.160\/cuccap\/cucurbit-crops\/melon\/\">Melon<\/a><\/li>\n<li><a href=\"http:\/\/132.236.156.160\/cuccap\/cucurbit-crops\/squash\/\">Squash<\/a><\/li>\n<li><a href=\"http:\/\/132.236.156.160\/cuccap\/cucurbit-crops\/watermelon\/\">Watermelon<\/a><\/li>\n<\/ul>\n<p><a href=\"http:\/\/132.236.156.160\/cuccap\/disease-management\/\">Crop and Disease management<\/a><\/p>\n<ul>\n<li><a href=\"http:\/\/132.236.156.160\/cuccap\/disease-management\/cucumber\/\">Cucumber Disease Management<\/a><br \/>\n<a href=\"http:\/\/132.236.156.160\/cuccap\/disease-management\/cucumber\/powdery-mildew\/\">Powdery mildew on cucumber<\/a><br \/>\n<a href=\"http:\/\/132.236.156.160\/cuccap\/disease-management\/cucumber\/downy-mildew\/\">Downy mildew on cucumber<\/a><br \/>\n<a href=\"http:\/\/132.236.156.160\/cuccap\/disease-management\/cucumber\/phytophthora-rot\/\">Phytophthora fruit rot on cucumber<\/a><\/li>\n<li><a href=\"http:\/\/132.236.156.160\/cuccap\/disease-management\/melon\/\">Melon Disease Management<\/a><br \/>\n<a href=\"http:\/\/132.236.156.160\/cuccap\/disease-management\/melon\/downy-mildew\/\">Downy mildew on melon<\/a><br \/>\n<a href=\"http:\/\/132.236.156.160\/cuccap\/disease-management\/melon\/fusarium-wilt-on-melon\/\">Fusarium wilt on melon<\/a><br \/>\n<a href=\"http:\/\/132.236.156.160\/cuccap\/disease-management\/melon\/phytophthora-on-cantaloupe\/\">Phytophthora on cantaloupe<\/a><br \/>\n<a href=\"http:\/\/132.236.156.160\/cuccap\/disease-management\/melon\/powdery-mildew\/\">Powdery mildew on melon<\/a><br \/>\n<a href=\"http:\/\/132.236.156.160\/cuccap\/disease-management\/melon\/cucumber-mosaic-virus\/\">Cucumber mosaic virus<\/a><br \/>\n<a href=\"http:\/\/132.236.156.160\/cuccap\/disease-management\/melon\/cucurbit-yellow-stunting-disorder-virus\/\">Cucurbit yellow stunting disorder virus<\/a><\/li>\n<li><a href=\"http:\/\/132.236.156.160\/cuccap\/disease-management\/squash\/\">Squash Disease Management<br \/>\n<\/a><a href=\"http:\/\/132.236.156.160\/cuccap\/disease-management\/squash\/downy-mildew\/\">Downy mildew on Squash and Pumpkin<\/a><br \/>\n<a href=\"http:\/\/132.236.156.160\/cuccap\/disease-management\/squash\/powdery-mildew\/\">Powdery mildew on squash and pumpkin<\/a><br \/>\n<a href=\"http:\/\/132.236.156.160\/cuccap\/disease-management\/squash\/phytophthora-blight\/\">Phytophthora blight on Squash and Pumpkins<\/a><a href=\"http:\/\/132.236.156.160\/cuccap\/disease-management\/squash\/virus-diseases\/\"><br \/>\nVirus diseases<\/a><\/li>\n<li><a href=\"http:\/\/132.236.156.160\/cuccap\/disease-management\/watermelon\/\">Watermelon Disease Management<\/a><br \/>\n<a href=\"http:\/\/132.236.156.160\/cuccap\/disease-management\/watermelon\/downy-mildew\/\">Downy mildew on Watermelon<\/a><br \/>\n<a href=\"http:\/\/132.236.156.160\/cuccap\/disease-management\/watermelon\/fusarium-wilt\/\">Fusarium wilt<\/a><br \/>\n<a href=\"http:\/\/132.236.156.160\/cuccap\/disease-management\/watermelon\/gummy-stem-blight\/\">Gummy Stem Blight<\/a><br \/>\n<a href=\"http:\/\/132.236.156.160\/cuccap\/disease-management\/watermelon\/phytophthora\/\">Phytophthora rot<\/a><br \/>\n<a href=\"http:\/\/132.236.156.160\/cuccap\/disease-management\/watermelon\/powdery-mildew\/\">Powdery mildew on watermelon<\/a><br \/>\n<a href=\"http:\/\/132.236.156.160\/cuccap\/disease-management\/watermelon\/papaya-ringspot-virus\/\">Papaya ringspot virus<\/a><br \/>\n<a href=\"http:\/\/132.236.156.160\/cuccap\/disease-management\/watermelon\/cucumber-green-mottle-mosaic-virus\/\">Cucumber green mottle mosaic virus (CGMMV)<\/a><\/li>\n<li><a href=\"http:\/\/132.236.156.160\/cuccap\/disease-management\/vegetable-pathology-programs\/\">Vegetable Pathology Programs<\/a><\/li>\n<li><a href=\"http:\/\/132.236.156.160\/cuccap\/disease-management\/factsheets\/\">Factsheets<\/a><\/li>\n<li><a href=\"http:\/\/132.236.156.160\/cuccap\/disease-management\/forecasters\/\">Forecasters<\/a><\/li>\n<li><a href=\"http:\/\/132.236.156.160\/cuccap\/disease-management\/plant-disease-clinics\/\">Plant Disease Clinics<\/a><\/li>\n<li><a href=\"http:\/\/132.236.156.160\/cuccap\/disease-management\/pathotyping\/\">Cucurbit Pathotyping<\/a><\/li>\n<li><a href=\"http:\/\/132.236.156.160\/cuccap\/disease-management\/production-guides\/\">Production Guides<\/a><\/li>\n<li><a href=\"http:\/\/132.236.156.160\/cuccap\/disease-management\/field-trials\/\">Cucurbit Field Trials &#8211; Cultivars &amp; Pest management<\/a><\/li>\n<\/ul>\n<p><a href=\"http:\/\/132.236.156.160\/cuccap\/breeding\/\">Breeding<\/a><\/p>\n<ul>\n<li><a href=\"http:\/\/132.236.156.160\/cuccap\/breeding\/breeding-links\/\">Cucurbit Breeding Links<\/a><\/li>\n<li><a href=\"http:\/\/132.236.156.160\/cuccap\/breeding\/cucumber\/\">Breeding Cucumber for Disease Resistance<\/a><\/li>\n<li><a href=\"http:\/\/132.236.156.160\/cuccap\/breeding\/melon\/\">Breeding Melon for Disease Resistance<\/a><\/li>\n<li><a href=\"http:\/\/132.236.156.160\/cuccap\/breeding\/squash\/\">Breeding Squash for Disease Resistance<\/a><\/li>\n<li><a href=\"http:\/\/132.236.156.160\/cuccap\/breeding\/watermelon\/\">Breeding Watermelon for Disease Resistance<\/a><\/li>\n<\/ul>\n<p><a href=\"http:\/\/132.236.156.160\/cuccap\/genomic-tools\/\">Development of Genomic Tools for Cucurbit Species<\/a><\/p>\n<p><a href=\"http:\/\/132.236.156.160\/cuccap\/resources\/\">Resources<\/a><\/p>\n<ul>\n<li><a href=\"http:\/\/132.236.156.160\/cuccap\/resources\/research-publications\/\">Research Publications<\/a><\/li>\n<li><a href=\"http:\/\/132.236.156.160\/cuccap\/resources\/research-presentations\/\">Research Presentations<\/a><\/li>\n<li><a href=\"http:\/\/132.236.156.160\/cuccap\/resources\/extension\/\">Extension Publications<\/a><\/li>\n<li><a href=\"http:\/\/132.236.156.160\/cuccap\/resources\/extension-and-industry-presentations\/\">Extension and Industry Presentations<\/a><\/li>\n<li><a href=\"http:\/\/132.236.156.160\/cuccap\/resources\/cuccap-reports\/\">CucCAP Project Reports<\/a><\/li>\n<\/ul>\n<hr \/>\n<h2>CucCAP Project News<\/h2>\n<ul>\n<li><a href=\"http:\/\/132.236.156.160\/cuccap\/category\/cuccap-team\/\">CucCAP Team News<\/a><\/li>\n<li><span class=\"cat-links\"><a href=\"http:\/\/132.236.156.160\/cuccap\/category\/cuccap-team\/featured-article\/\" rel=\"category tag\">Featured Articles<\/a><br \/>\n<\/span><\/li>\n<li><span class=\"cat-links\"><a href=\"http:\/\/132.236.156.160\/cuccap\/category\/cuccap-team\/genomics-bioinformatics\/\" rel=\"category tag\">CucCAP Genomics &amp; Bioinformatics Team<\/a><\/span><\/li>\n<li><span class=\"cat-links\"><a href=\"http:\/\/132.236.156.160\/cuccap\/category\/cuccap-team\/cucumber\/\" rel=\"category tag\">CucCAP Cucumber Team<\/a><\/span><\/li>\n<li><span class=\"cat-links\"><a href=\"http:\/\/132.236.156.160\/cuccap\/category\/cuccap-team\/melon\/\" rel=\"category tag\">CucCAP Melon Team<\/a><\/span><\/li>\n<li><span class=\"cat-links\"><a href=\"http:\/\/132.236.156.160\/cuccap\/category\/cuccap-team\/squash\/\" rel=\"category tag\">CucCAP Squash Team<\/a><\/span><\/li>\n<li><span class=\"cat-links\"><a href=\"http:\/\/132.236.156.160\/cuccap\/category\/cuccap-team\/watermelon\/\" rel=\"category tag\">CucCAP Watermelon Team<\/a><\/span><\/li>\n<li><span class=\"cat-links\"><a href=\"http:\/\/132.236.156.160\/cuccap\/disease-management\/\" rel=\"category tag\">CucCAP Integrated Crop and Disease Management Team<\/a><\/span><\/li>\n<\/ul>\n<h3>Cucurbit Breeding and Genomics Labs<\/h3>\n<ul>\n<li><a href=\"http:\/\/132.236.156.160\/cuccap\/tag\/branham-lab-clemson-university\/\">Branham Lab @ Clemson University<\/a><\/li>\n<li><a href=\"http:\/\/132.236.156.160\/cuccap\/tag\/fei-lab-bti\/\">Fei Lab @ BTI<\/a><\/li>\n<li><a href=\"http:\/\/132.236.156.160\/cuccap\/tag\/rebecca-grumet\/\">Grumet Lab @ MSU<\/a><\/li>\n<li><a href=\"http:\/\/132.236.156.160\/cuccap\/tag\/hausbeck-lab-msu\/\">Hausbeck Lab @ MSU<\/a><\/li>\n<li><a href=\"http:\/\/132.236.156.160\/cuccap\/tag\/keinath-lab-clemson-university\/\">Keinath Lab @ Clemson University<\/a><\/li>\n<li><a href=\"http:\/\/132.236.156.160\/cuccap\/tag\/kousik-lab-usda-ars\/\">Kousik Lab @ USDA-ARS<\/a><\/li>\n<li><a href=\"http:\/\/132.236.156.160\/cuccap\/tag\/amnon-levi\/\">Levi Lab @ USDA-ARS<\/a><\/li>\n<li><a href=\"http:\/\/132.236.156.160\/cuccap\/tag\/angela-m-linares-ramirez\/\">Linares-Ramirez Lab @ UPR<\/a><\/li>\n<li><a href=\"http:\/\/132.236.156.160\/cuccap\/tag\/kai-shu-ling\/\">Ling Lab @ USDA-ARS<\/a><\/li>\n<li><a href=\"http:\/\/132.236.156.160\/cuccap\/tag\/mazourek-lab-cornell-cals\/\">Mazourek Lab @ Cornell CALS<\/a><\/li>\n<li><a href=\"http:\/\/132.236.156.160\/cuccap\/tag\/james-mccreight\/\">McCreight Lab @ USDA-ARS<\/a><\/li>\n<li><a href=\"http:\/\/132.236.156.160\/cuccap\/tag\/cecilia-mcgregor\/\">McGregor Lab @ UGA<\/a><\/li>\n<li><a href=\"http:\/\/132.236.156.160\/cuccap\/tag\/meru-lab-ufl\/\">Meru Lab @ UFL<\/a><\/li>\n<li><a href=\"http:\/\/132.236.156.160\/cuccap\/tag\/reddy-lab-wvsu\/\">Reddy Lab @ WVSU<\/a><\/li>\n<li><a href=\"http:\/\/132.236.156.160\/cuccap\/tag\/wechter-lab-usda-ars\/\">Wechter Lab @ USDA-ARS<\/a><\/li>\n<li><a href=\"http:\/\/132.236.156.160\/cuccap\/tag\/todd-c-wehner\/\">Wehner Lab @ NC State<\/a><\/li>\n<li><a href=\"http:\/\/132.236.156.160\/cuccap\/tag\/weng-lab-usda-ars\/\">Weng Lab @ USDA-ARS in Madison<\/a><\/li>\n<li><a href=\"http:\/\/132.236.156.160\/cuccap\/tag\/wessel-beaver-labupr\/\">Wessel-Beaver Lab@UPR<\/a><\/li>\n<li><a href=\"http:\/\/132.236.156.160\/cuccap\/tag\/william-wintermantel\/\">Wintermantel Lab @ USDA-ARS in Salinas<\/a><\/li>\n<li><a href=\"http:\/\/132.236.156.160\/cuccap\/tag\/wu-lab-bti\/\">Wu Lab @ BTI<\/a><\/li>\n<\/ul>\n<h3>Vegetable Pathology and Integrated Cucurbit Crop &amp; Disease Management Labs<\/h3>\n<ul>\n<li><a href=\"http:\/\/132.236.156.160\/cuccap\/tag\/hausbeck-lab-msu\/\">Hausbeck Lab @ MSU<\/a><\/li>\n<li><a href=\"http:\/\/132.236.156.160\/cuccap\/tag\/keinath-lab-clemson-university\/\">Keinath Lab @ Clemson University<\/a><\/li>\n<li><a href=\"http:\/\/132.236.156.160\/cuccap\/tag\/kousik-lab-usda-ars\/\">Kousik Lab @ USDA-ARS<\/a><\/li>\n<li><a href=\"http:\/\/132.236.156.160\/cuccap\/tag\/kai-shu-ling\/\">Ling Lab @ USDA-ARS<\/a><\/li>\n<li><a href=\"http:\/\/132.236.156.160\/cuccap\/tag\/quesada-lab-nc-state\/\">Quesada-Ocampo Lab @ NC State<\/a><\/li>\n<li><a href=\"http:\/\/132.236.156.160\/cuccap\/tag\/jonathan-schultheis\/\">Schultheis Lab @ NC State<\/a><\/li>\n<li><a href=\"http:\/\/132.236.156.160\/cuccap\/tag\/christine-smart\/\">Smart Lab @ Cornell University<\/a><\/li>\n<li><a href=\"http:\/\/132.236.156.160\/cuccap\/tag\/tregeagle-lab-nc-state\/\">Tregeagle Lab @ NC State<\/a><\/li>\n<li><a href=\"http:\/\/132.236.156.160\/cuccap\/tag\/william-wintermantel\/\">Wintermantel Lab @ USDA-ARS in Salinas<\/a><\/li>\n<\/ul>\n<hr \/>\n<h3>Cucurbit News and Events<\/h3>\n<ul>\n<li><span class=\"cat-links\"><a href=\"http:\/\/132.236.156.160\/cuccap\/category\/crop-management\/\" rel=\"category tag\">Cucurbit Crop &amp; Disease News<\/a><\/span><\/li>\n<li><a href=\"http:\/\/132.236.156.160\/cuccap\/events\/\">All Upcoming Events<\/a><span class=\"cat-links\"><br \/>\n<\/span><a href=\"http:\/\/132.236.156.160\/cuccap\/events\/category\/commodity-meeting\/\">Commodity Meetings<\/a><br \/>\n<a href=\"http:\/\/132.236.156.160\/cuccap\/events\/category\/scientific-conference\/\">Scientific Meetings<\/a><\/li>\n<\/ul>\n","protected":false},"excerpt":{"rendered":"<p>The CucCAP Project Website Home Espa\u00f1ol Infecci\u00f3n de Phytophthora Monitoreo y manejo del a\u00f1ublo lanoso de las cucurbit\u00e1ceas Manejo del a\u00f1ublo lanoso de la cucurbit\u00e1ceas para los agricultores Manejo de Phytophthora en cantalupe, mel\u00f3n y sandia Manejo de Phytophthora en Pepino Manejo de Phytophthora en Calabaza de Verano y Calabac\u00edn Manejo de Phytophthora en calabaza [&hellip;]<\/p>\n","protected":false},"author":8,"featured_media":0,"parent":27,"menu_order":0,"comment_status":"closed","ping_status":"closed","template":"page-fullwidth.php","meta":{"footnotes":""},"tags":[497],"_links":{"self":[{"href":"http:\/\/132.236.156.160\/cuccap\/wp-json\/wp\/v2\/pages\/4937"}],"collection":[{"href":"http:\/\/132.236.156.160\/cuccap\/wp-json\/wp\/v2\/pages"}],"about":[{"href":"http:\/\/132.236.156.160\/cuccap\/wp-json\/wp\/v2\/types\/page"}],"author":[{"embeddable":true,"href":"http:\/\/132.236.156.160\/cuccap\/wp-json\/wp\/v2\/users\/8"}],"replies":[{"embeddable":true,"href":"http:\/\/132.236.156.160\/cuccap\/wp-json\/wp\/v2\/comments?post=4937"}],"version-history":[{"count":22,"href":"http:\/\/132.236.156.160\/cuccap\/wp-json\/wp\/v2\/pages\/4937\/revisions"}],"predecessor-version":[{"id":8057,"href":"http:\/\/132.236.156.160\/cuccap\/wp-json\/wp\/v2\/pages\/4937\/revisions\/8057"}],"up":[{"embeddable":true,"href":"http:\/\/132.236.156.160\/cuccap\/wp-json\/wp\/v2\/pages\/27"}],"wp:attachment":[{"href":"http:\/\/132.236.156.160\/cuccap\/wp-json\/wp\/v2\/media?parent=4937"}],"wp:term":[{"taxonomy":"post_tag","embeddable":true,"href":"http:\/\/132.236.156.160\/cuccap\/wp-json\/wp\/v2\/tags?post=4937"}],"curies":[{"name":"wp","href":"https:\/\/api.w.org\/{rel}","templated":true}]}}